{"id":89507,"date":"2025-11-05T13:55:12","date_gmt":"2025-11-05T12:55:12","guid":{"rendered":"https:\/\/spokoramps.com\/aconsegueix-el-teu-skatepark\/"},"modified":"2025-11-06T11:26:29","modified_gmt":"2025-11-06T10:26:29","slug":"aconsegueix-el-teu-skatepark","status":"publish","type":"page","link":"https:\/\/spokoramps.com\/ca\/aconsegueix-el-teu-skatepark\/","title":{"rendered":"Aconsegueix el teu skatepark"},"content":{"rendered":"\t\t<div data-elementor-type=\"wp-page\" data-elementor-id=\"89507\" class=\"elementor elementor-89507 elementor-89464\" data-elementor-post-type=\"page\">\n\t\t\t\t<div class=\"elementor-element elementor-element-ca83255 e-con-full e-flex e-con e-child\" data-id=\"ca83255\" data-element_type=\"container\" data-e-type=\"container\" data-settings=\"{&quot;background_background&quot;:&quot;classic&quot;}\">\n\t\t\t\t<div class=\"elementor-element elementor-element-0c33b4a elementor-widget elementor-widget-heading\" data-id=\"0c33b4a\" data-element_type=\"widget\" data-e-type=\"widget\" data-widget_type=\"heading.default\">\n\t\t\t\t<div class=\"elementor-widget-container\">\n\t\t\t\t\t<h1 class=\"elementor-heading-title elementor-size-default\">Aconsegueix el teu skatepark<\/h1>\t\t\t\t<\/div>\n\t\t\t\t<\/div>\n\t\t\t\t<\/div>\n\t\t<div class=\"elementor-element elementor-element-c1b7ca0 e-flex e-con-boxed e-con e-parent\" data-id=\"c1b7ca0\" data-element_type=\"container\" data-e-type=\"container\">\n\t\t\t\t\t<div class=\"e-con-inner\">\n\t\t\t\t<div class=\"elementor-element elementor-element-2d52183 elementor-widget elementor-widget-heading\" data-id=\"2d52183\" data-element_type=\"widget\" data-e-type=\"widget\" data-widget_type=\"heading.default\">\n\t\t\t\t<div class=\"elementor-widget-container\">\n\t\t\t\t\t<h2 class=\"elementor-heading-title elementor-size-default\">1. CREAR EL VOSTRE CLUB O ASSOCIACI\u00d3<\/h2>\t\t\t\t<\/div>\n\t\t\t\t<\/div>\n\t\t\t\t<div class=\"elementor-element elementor-element-af022eb elementor-widget__width-initial elementor-widget-tablet__width-inherit elementor-widget-mobile__width-inherit elementor-widget elementor-widget-text-editor\" data-id=\"af022eb\" data-element_type=\"widget\" data-e-type=\"widget\" data-widget_type=\"text-editor.default\">\n\t\t\t\t<div class=\"elementor-widget-container\">\n\t\t\t\t\t\t\t\t\t<p>Organitzaci\u00f3 del teu grup d\u00b4amics i patinadors. \u00c9s important poder negociar davant de l&#8217;administraci\u00f3 com a club o associaci\u00f3. Els ajuntaments prefereixen tenir com a interlocutor un grup organitzat abans que un particular.  <\/p><p>Al teu ajuntament trobar\u00e0s la informaci\u00f3 de com crear la teva associaci\u00f3 o club, a m\u00e9s \u00e9s un pas molt interessant perqu\u00e8 coneixer\u00e0s el teu ajuntament per dins i possiblement coneixer\u00e0s els responsables de les activitats esportives de la teva poblaci\u00f3.<\/p>\t\t\t\t\t\t\t\t<\/div>\n\t\t\t\t<\/div>\n\t\t\t\t\t<\/div>\n\t\t\t\t<\/div>\n\t\t<div class=\"elementor-element elementor-element-12a260d e-flex e-con-boxed e-con e-parent\" data-id=\"12a260d\" data-element_type=\"container\" data-e-type=\"container\">\n\t\t\t\t\t<div class=\"e-con-inner\">\n\t\t\t\t<div class=\"elementor-element elementor-element-aca90b5 elementor-widget__width-initial elementor-widget elementor-widget-heading\" data-id=\"aca90b5\" data-element_type=\"widget\" data-e-type=\"widget\" data-widget_type=\"heading.default\">\n\t\t\t\t<div class=\"elementor-widget-container\">\n\t\t\t\t\t<h2 class=\"elementor-heading-title elementor-size-default\">2. CREAR LA VOSTRA PROPOSTA D'SKATEPARK<\/h2>\t\t\t\t<\/div>\n\t\t\t\t<\/div>\n\t\t\t\t<div class=\"elementor-element elementor-element-469be1a elementor-widget__width-initial elementor-widget-tablet__width-inherit elementor-widget-mobile__width-inherit elementor-widget elementor-widget-text-editor\" data-id=\"469be1a\" data-element_type=\"widget\" data-e-type=\"widget\" data-widget_type=\"text-editor.default\">\n\t\t\t\t<div class=\"elementor-widget-container\">\n\t\t\t\t\t\t\t\t\t<p>Moltes vegades hem assessorat a practicants d&#8217;aquests esports que s&#8217;han dirigit a nosaltres ja sigui directament o per mediaci\u00f3 de corporacions municipals que estaven preparant projectes de skateparks.&nbsp;<\/p>\n<p>Atenem consultes de tota mena de parcs, des de parcs b\u00e0sics per construir a municipis de dimensi\u00f3 redu\u00efda fins a skateparks de diversos milers de metres quadrats i de desenes de milers d&#8217;euros.<\/p>\n<p>Som molt flexibles, ens adaptem a moltes peticions de car\u00e0cter molt divers, consulta&#8217;ns!<\/p>\t\t\t\t\t\t\t\t<\/div>\n\t\t\t\t<\/div>\n\t\t\t\t\t<\/div>\n\t\t\t\t<\/div>\n\t\t<div class=\"elementor-element elementor-element-4a00529 e-flex e-con-boxed e-con e-parent\" data-id=\"4a00529\" data-element_type=\"container\" data-e-type=\"container\">\n\t\t\t\t\t<div class=\"e-con-inner\">\n\t\t\t\t<div class=\"elementor-element elementor-element-464245a elementor-widget elementor-widget-heading\" data-id=\"464245a\" data-element_type=\"widget\" data-e-type=\"widget\" data-widget_type=\"heading.default\">\n\t\t\t\t<div class=\"elementor-widget-container\">\n\t\t\t\t\t<h2 class=\"elementor-heading-title elementor-size-default\">3. PRESENTAR LA PROPOSTA<\/h2>\t\t\t\t<\/div>\n\t\t\t\t<\/div>\n\t\t\t\t<div class=\"elementor-element elementor-element-16776a3 elementor-widget__width-initial elementor-widget-tablet__width-inherit elementor-widget-mobile__width-inherit elementor-widget elementor-widget-text-editor\" data-id=\"16776a3\" data-element_type=\"widget\" data-e-type=\"widget\" data-widget_type=\"text-editor.default\">\n\t\t\t\t<div class=\"elementor-widget-container\">\n\t\t\t\t\t\t\t\t\t<p>En aquest pas \u00e9s important localitzar el millor interlocutor a l&#8217;ajuntament, ja sigui el punt d&#8217;informaci\u00f3 juvenil, la regidoria de joventut, esports o una altra per a poder lliurar la documentaci\u00f3 de la proposta.<\/p>\n<p>El millor, si \u00e9s possible, \u00e9s que concreteu una entrevista amb el o els responsables. Aix\u00ed us podreu con\u00e8ixer millor, ells tamb\u00e9 us coneixeran, podreu establir un di\u00e0leg i l&#8217;intercanvi d&#8217;idees ser\u00e0 m\u00e9s f\u00e0cil. <\/p>\t\t\t\t\t\t\t\t<\/div>\n\t\t\t\t<\/div>\n\t\t\t\t\t<\/div>\n\t\t\t\t<\/div>\n\t\t<div class=\"elementor-element elementor-element-9cd4025 e-flex e-con-boxed e-con e-parent\" data-id=\"9cd4025\" data-element_type=\"container\" data-e-type=\"container\">\n\t\t\t\t\t<div class=\"e-con-inner\">\n\t\t\t\t<div class=\"elementor-element elementor-element-80fa74e elementor-widget__width-initial elementor-widget elementor-widget-heading\" data-id=\"80fa74e\" data-element_type=\"widget\" data-e-type=\"widget\" data-widget_type=\"heading.default\">\n\t\t\t\t<div class=\"elementor-widget-container\">\n\t\t\t\t\t<h2 class=\"elementor-heading-title elementor-size-default\">4. FER EL SEGUIMENT<\/h2>\t\t\t\t<\/div>\n\t\t\t\t<\/div>\n\t\t\t\t<div class=\"elementor-element elementor-element-1ae3f00 elementor-widget__width-initial elementor-widget-tablet__width-inherit elementor-widget-mobile__width-inherit elementor-widget elementor-widget-text-editor\" data-id=\"1ae3f00\" data-element_type=\"widget\" data-e-type=\"widget\" data-widget_type=\"text-editor.default\">\n\t\t\t\t<div class=\"elementor-widget-container\">\n\t\t\t\t\t\t\t\t\t<p>Realitzar el seguiment del projecte, preguntar en quina situaci\u00f3 est\u00e0, fer trucades, enviar e-mails, etc.<\/p><p>Els ajuntaments i l&#8217;administraci\u00f3 p\u00fablica en general s\u00f3n molt lents en la presa de decisions, han de seguir una s\u00e8rie de tr\u00e0mits i tots tenen terminis de temps establert.<\/p><p>Aconseguir un skatepark pot ser un proc\u00e9s que duri for\u00e7a temps i \u00e9s molt important que no deixeu d&#8217;insistir-hi.<\/p><p>Insistir, insistir, insistir\u2026<\/p>\t\t\t\t\t\t\t\t<\/div>\n\t\t\t\t<\/div>\n\t\t\t\t\t<\/div>\n\t\t\t\t<\/div>\n\t\t<div class=\"elementor-element elementor-element-8ea8cfd e-flex e-con-boxed e-con e-parent\" data-id=\"8ea8cfd\" data-element_type=\"container\" data-e-type=\"container\">\n\t\t\t\t\t<div class=\"e-con-inner\">\n\t\t\t\t<div class=\"elementor-element elementor-element-c0da428 elementor-cta--skin-cover elementor-cta--valign-middle elementor-animated-content elementor-bg-transform elementor-bg-transform-zoom-in elementor-widget elementor-widget-call-to-action\" data-id=\"c0da428\" data-element_type=\"widget\" data-e-type=\"widget\" data-widget_type=\"call-to-action.default\">\n\t\t\t\t<div class=\"elementor-widget-container\">\n\t\t\t\t\t\t\t<div class=\"elementor-cta\">\n\t\t\t\t\t<div class=\"elementor-cta__bg-wrapper\">\n\t\t\t\t<div class=\"elementor-cta__bg elementor-bg\" style=\"background-image: url();\" role=\"img\" aria-label=\"\"><\/div>\n\t\t\t\t<div class=\"elementor-cta__bg-overlay\"><\/div>\n\t\t\t<\/div>\n\t\t\t\t\t\t\t<div class=\"elementor-cta__content\">\n\t\t\t\t\n\t\t\t\t\t\t\t\t\t<h2 class=\"elementor-cta__title elementor-cta__content-item elementor-content-item elementor-animated-item--grow\">\n\t\t\t\t\t\tCONTACTA AMB SPOKO RAMPS, NOSALTRES T'AJUDAREM\t\t\t\t\t<\/h2>\n\t\t\t\t\n\t\t\t\t\t\t\t\t\t<div class=\"elementor-cta__description elementor-cta__content-item elementor-content-item elementor-animated-item--grow\">\n\t\t\t\t\t\tNom\u00e9s necessitem el teu nom, un tel\u00e8fon i un correu electr\u00f2nic, el nom de la teva poblaci\u00f3, el del teu club i associaci\u00f3 si existeix, i la idea, un croquis o un dibuix del parc que vulgueu. Us contestarem enviant la documentaci\u00f3 necess\u00e0ria per presentar al vostre ajuntament. \t\t\t\t\t<\/div>\n\t\t\t\t\n\t\t\t\t\t\t\t\t\t<div class=\"elementor-cta__button-wrapper elementor-cta__content-item elementor-content-item elementor-animated-item--grow\">\n\t\t\t\t\t<a class=\"elementor-cta__button elementor-button elementor-size-\" href=\"https:\/\/spokoramps.com\/ca\/contacte\/\">\n\t\t\t\t\t\tFes clic aqu\u00ed\t\t\t\t\t<\/a>\n\t\t\t\t\t<\/div>\n\t\t\t\t\t\t\t<\/div>\n\t\t\t\t\t\t\t<div class=\"elementor-ribbon\">\n\t\t\t\t<div class=\"elementor-ribbon-inner\">\n\t\t\t\t\tContacta!\t\t\t\t<\/div>\n\t\t\t<\/div>\n\t\t\t\t<\/div>\n\t\t\t\t\t\t<\/div>\n\t\t\t\t<\/div>\n\t\t\t\t\t<\/div>\n\t\t\t\t<\/div>\n\t\t\t\t<\/div>\n\t\t","protected":false},"excerpt":{"rendered":"<p>Aconsegueix el teu skatepark 1. CREAR EL VOSTRE CLUB O ASSOCIACI\u00d3 Organitzaci\u00f3 del teu grup d\u00b4amics i patinadors. \u00c9s important poder negociar davant de l&#8217;administraci\u00f3 com a club o associaci\u00f3. Els ajuntaments prefereixen tenir com a interlocutor un grup organitzat abans que un particular. Al teu ajuntament trobar\u00e0s la informaci\u00f3 de com crear la teva [&hellip;]<\/p>\n","protected":false},"author":3,"featured_media":0,"parent":0,"menu_order":0,"comment_status":"closed","ping_status":"closed","template":"","meta":{"_acf_changed":false,"inline_featured_image":false,"_joinchat":[],"footnotes":""},"class_list":["post-89507","page","type-page","status-publish","hentry"],"acf":[],"yoast_head":"<!-- This site is optimized with the Yoast SEO plugin v27.5 - https:\/\/yoast.com\/product\/yoast-seo-wordpress\/ -->\n<title>\u25b7Aconsegueix el teu skatepark - \u3010 SpokoRamps \u3011<\/title>\n<meta name=\"description\" content=\"Aconsegueix el teu skatepark. Entra en aquesta p\u00e0gina i segueix aquests quatre passos per aconseguir un skatepark al teu municipi.\" \/>\n<meta name=\"robots\" content=\"index, follow, max-snippet:-1, max-image-preview:large, max-video-preview:-1\" \/>\n<link rel=\"canonical\" href=\"https:\/\/spokoramps.com\/ca\/aconsegueix-el-teu-skatepark\/\" \/>\n<meta property=\"og:locale\" content=\"ca_ES\" \/>\n<meta property=\"og:type\" content=\"article\" \/>\n<meta property=\"og:title\" content=\"\u25b7Aconsegueix el teu skatepark - \u3010 SpokoRamps \u3011\" \/>\n<meta property=\"og:description\" content=\"Aconsegueix el teu skatepark. Entra en aquesta p\u00e0gina i segueix aquests quatre passos per aconseguir un skatepark al teu municipi.\" \/>\n<meta property=\"og:url\" content=\"https:\/\/spokoramps.com\/ca\/aconsegueix-el-teu-skatepark\/\" \/>\n<meta property=\"og:site_name\" content=\"SpokoRamps\" \/>\n<meta property=\"article:modified_time\" content=\"2025-11-06T10:26:29+00:00\" \/>\n<meta name=\"twitter:card\" content=\"summary_large_image\" \/>\n<meta name=\"twitter:label1\" content=\"Temps estimat de lectura\" \/>\n\t<meta name=\"twitter:data1\" content=\"2 minuts\" \/>\n<script type=\"application\/ld+json\" class=\"yoast-schema-graph\">{\"@context\":\"https:\\\/\\\/schema.org\",\"@graph\":[{\"@type\":\"WebPage\",\"@id\":\"https:\\\/\\\/spokoramps.com\\\/ca\\\/aconsegueix-el-teu-skatepark\\\/\",\"url\":\"https:\\\/\\\/spokoramps.com\\\/ca\\\/aconsegueix-el-teu-skatepark\\\/\",\"name\":\"\u25b7Aconsegueix el teu skatepark - \u3010 SpokoRamps \u3011\",\"isPartOf\":{\"@id\":\"https:\\\/\\\/spokoramps.com\\\/#website\"},\"datePublished\":\"2025-11-05T12:55:12+00:00\",\"dateModified\":\"2025-11-06T10:26:29+00:00\",\"description\":\"Aconsegueix el teu skatepark. Entra en aquesta p\u00e0gina i segueix aquests quatre passos per aconseguir un skatepark al teu municipi.\",\"breadcrumb\":{\"@id\":\"https:\\\/\\\/spokoramps.com\\\/ca\\\/aconsegueix-el-teu-skatepark\\\/#breadcrumb\"},\"inLanguage\":\"ca\",\"potentialAction\":[{\"@type\":\"ReadAction\",\"target\":[\"https:\\\/\\\/spokoramps.com\\\/ca\\\/aconsegueix-el-teu-skatepark\\\/\"]}]},{\"@type\":\"BreadcrumbList\",\"@id\":\"https:\\\/\\\/spokoramps.com\\\/ca\\\/aconsegueix-el-teu-skatepark\\\/#breadcrumb\",\"itemListElement\":[{\"@type\":\"ListItem\",\"position\":1,\"name\":\"Portada\",\"item\":\"https:\\\/\\\/spokoramps.com\\\/ca\\\/\"},{\"@type\":\"ListItem\",\"position\":2,\"name\":\"Aconsegueix el teu skatepark\"}]},{\"@type\":\"WebSite\",\"@id\":\"https:\\\/\\\/spokoramps.com\\\/#website\",\"url\":\"https:\\\/\\\/spokoramps.com\\\/\",\"name\":\"SpokoRamps\",\"description\":\"Dise\u00f1o y Construcci\u00f3n de Skateparks\",\"potentialAction\":[{\"@type\":\"SearchAction\",\"target\":{\"@type\":\"EntryPoint\",\"urlTemplate\":\"https:\\\/\\\/spokoramps.com\\\/?s={search_term_string}\"},\"query-input\":{\"@type\":\"PropertyValueSpecification\",\"valueRequired\":true,\"valueName\":\"search_term_string\"}}],\"inLanguage\":\"ca\"}]}<\/script>\n<!-- \/ Yoast SEO plugin. -->","yoast_head_json":{"title":"\u25b7Aconsegueix el teu skatepark - \u3010 SpokoRamps \u3011","description":"Aconsegueix el teu skatepark. Entra en aquesta p\u00e0gina i segueix aquests quatre passos per aconseguir un skatepark al teu municipi.","robots":{"index":"index","follow":"follow","max-snippet":"max-snippet:-1","max-image-preview":"max-image-preview:large","max-video-preview":"max-video-preview:-1"},"canonical":"https:\/\/spokoramps.com\/ca\/aconsegueix-el-teu-skatepark\/","og_locale":"ca_ES","og_type":"article","og_title":"\u25b7Aconsegueix el teu skatepark - \u3010 SpokoRamps \u3011","og_description":"Aconsegueix el teu skatepark. Entra en aquesta p\u00e0gina i segueix aquests quatre passos per aconseguir un skatepark al teu municipi.","og_url":"https:\/\/spokoramps.com\/ca\/aconsegueix-el-teu-skatepark\/","og_site_name":"SpokoRamps","article_modified_time":"2025-11-06T10:26:29+00:00","twitter_card":"summary_large_image","twitter_misc":{"Temps estimat de lectura":"2 minuts"},"schema":{"@context":"https:\/\/schema.org","@graph":[{"@type":"WebPage","@id":"https:\/\/spokoramps.com\/ca\/aconsegueix-el-teu-skatepark\/","url":"https:\/\/spokoramps.com\/ca\/aconsegueix-el-teu-skatepark\/","name":"\u25b7Aconsegueix el teu skatepark - \u3010 SpokoRamps \u3011","isPartOf":{"@id":"https:\/\/spokoramps.com\/#website"},"datePublished":"2025-11-05T12:55:12+00:00","dateModified":"2025-11-06T10:26:29+00:00","description":"Aconsegueix el teu skatepark. Entra en aquesta p\u00e0gina i segueix aquests quatre passos per aconseguir un skatepark al teu municipi.","breadcrumb":{"@id":"https:\/\/spokoramps.com\/ca\/aconsegueix-el-teu-skatepark\/#breadcrumb"},"inLanguage":"ca","potentialAction":[{"@type":"ReadAction","target":["https:\/\/spokoramps.com\/ca\/aconsegueix-el-teu-skatepark\/"]}]},{"@type":"BreadcrumbList","@id":"https:\/\/spokoramps.com\/ca\/aconsegueix-el-teu-skatepark\/#breadcrumb","itemListElement":[{"@type":"ListItem","position":1,"name":"Portada","item":"https:\/\/spokoramps.com\/ca\/"},{"@type":"ListItem","position":2,"name":"Aconsegueix el teu skatepark"}]},{"@type":"WebSite","@id":"https:\/\/spokoramps.com\/#website","url":"https:\/\/spokoramps.com\/","name":"SpokoRamps","description":"Dise\u00f1o y Construcci\u00f3n de Skateparks","potentialAction":[{"@type":"SearchAction","target":{"@type":"EntryPoint","urlTemplate":"https:\/\/spokoramps.com\/?s={search_term_string}"},"query-input":{"@type":"PropertyValueSpecification","valueRequired":true,"valueName":"search_term_string"}}],"inLanguage":"ca"}]}},"_links":{"self":[{"href":"https:\/\/spokoramps.com\/ca\/wp-json\/wp\/v2\/pages\/89507","targetHints":{"allow":["GET"]}}],"collection":[{"href":"https:\/\/spokoramps.com\/ca\/wp-json\/wp\/v2\/pages"}],"about":[{"href":"https:\/\/spokoramps.com\/ca\/wp-json\/wp\/v2\/types\/page"}],"author":[{"embeddable":true,"href":"https:\/\/spokoramps.com\/ca\/wp-json\/wp\/v2\/users\/3"}],"replies":[{"embeddable":true,"href":"https:\/\/spokoramps.com\/ca\/wp-json\/wp\/v2\/comments?post=89507"}],"version-history":[{"count":2,"href":"https:\/\/spokoramps.com\/ca\/wp-json\/wp\/v2\/pages\/89507\/revisions"}],"predecessor-version":[{"id":89546,"href":"https:\/\/spokoramps.com\/ca\/wp-json\/wp\/v2\/pages\/89507\/revisions\/89546"}],"wp:attachment":[{"href":"https:\/\/spokoramps.com\/ca\/wp-json\/wp\/v2\/media?parent=89507"}],"curies":[{"name":"wp","href":"https:\/\/api.w.org\/{rel}","templated":true}]}}