{"id":87307,"date":"2025-01-17T11:41:12","date_gmt":"2025-01-17T10:41:12","guid":{"rendered":"https:\/\/spokoramps.com\/assessorem\/"},"modified":"2025-02-28T12:27:06","modified_gmt":"2025-02-28T11:27:06","slug":"assessorem","status":"publish","type":"page","link":"https:\/\/spokoramps.com\/ca\/assessorem\/","title":{"rendered":"Assessorem"},"content":{"rendered":"\t\t<div data-elementor-type=\"wp-page\" data-elementor-id=\"87307\" class=\"elementor elementor-87307 elementor-1027\" data-elementor-post-type=\"page\">\n\t\t\t\t<div class=\"elementor-element elementor-element-ca83255 e-con-full e-flex e-con e-child\" data-id=\"ca83255\" data-element_type=\"container\" data-e-type=\"container\" data-settings=\"{&quot;background_background&quot;:&quot;classic&quot;}\">\n\t\t\t\t<div class=\"elementor-element elementor-element-0c33b4a elementor-widget elementor-widget-heading\" data-id=\"0c33b4a\" data-element_type=\"widget\" data-e-type=\"widget\" data-widget_type=\"heading.default\">\n\t\t\t\t<div class=\"elementor-widget-container\">\n\t\t\t\t\t<h1 class=\"elementor-heading-title elementor-size-default\">Assessorem<\/h1>\t\t\t\t<\/div>\n\t\t\t\t<\/div>\n\t\t\t\t<\/div>\n\t\t<div class=\"elementor-element elementor-element-c1b7ca0 e-flex e-con-boxed e-con e-parent\" data-id=\"c1b7ca0\" data-element_type=\"container\" data-e-type=\"container\">\n\t\t\t\t\t<div class=\"e-con-inner\">\n\t\t\t\t<div class=\"elementor-element elementor-element-2d52183 elementor-widget elementor-widget-heading\" data-id=\"2d52183\" data-element_type=\"widget\" data-e-type=\"widget\" data-widget_type=\"heading.default\">\n\t\t\t\t<div class=\"elementor-widget-container\">\n\t\t\t\t\t<h2 class=\"elementor-heading-title elementor-size-default\">SOM ELS SEUS CONSULTORS A SKATEPARKS<\/h2>\t\t\t\t<\/div>\n\t\t\t\t<\/div>\n\t\t\t\t<div class=\"elementor-element elementor-element-af022eb elementor-widget__width-initial elementor-widget-tablet__width-inherit elementor-widget-mobile__width-inherit elementor-widget elementor-widget-text-editor\" data-id=\"af022eb\" data-element_type=\"widget\" data-e-type=\"widget\" data-widget_type=\"text-editor.default\">\n\t\t\t\t<div class=\"elementor-widget-container\">\n\t\t\t\t\t\t\t\t\t<p>La nostra empresa va comen\u00e7ar a construir m\u00f2duls de skateparks a l&#8217;any 2005 i parcs de formig\u00f3 al cap d&#8217;un any. En aquest per\u00edode de temps hem fet prop de dos-cents skateparks.  <\/p>\n<p>Durant aquest temps hem participat en aquest sector des de m\u00faltiples enfocaments, ja sigui com a fabricants i instal\u00b7ladors de m\u00f2duls de disseny propi, o de dissenys de tercers. Tamb\u00e9 hem executat projectes de parcs de formig\u00f3 basats en projectes propis i projectes d&#8217;altres dissenyadors. Aix\u00ed mateix hem assumit parcialment la redacci\u00f3 de projectes de skatepark o hem assessorat diferents arquitectes i t\u00e8cnics, ja siguin municipals o no, sobre diferents projectes de skateparks.<\/p>\n\t\t\t\t\t\t\t\t<\/div>\n\t\t\t\t<\/div>\n\t\t\t\t\t<\/div>\n\t\t\t\t<\/div>\n\t\t<div class=\"elementor-element elementor-element-12a260d e-flex e-con-boxed e-con e-parent\" data-id=\"12a260d\" data-element_type=\"container\" data-e-type=\"container\">\n\t\t\t\t\t<div class=\"e-con-inner\">\n\t\t\t\t<div class=\"elementor-element elementor-element-469be1a elementor-widget__width-initial elementor-widget-tablet__width-inherit elementor-widget-mobile__width-inherit elementor-widget elementor-widget-text-editor\" data-id=\"469be1a\" data-element_type=\"widget\" data-e-type=\"widget\" data-widget_type=\"text-editor.default\">\n\t\t\t\t<div class=\"elementor-widget-container\">\n\t\t\t\t\t\t\t\t\t<p>Moltes vegades hem assessorat practicants d&#8217;aquests esports els qui s&#8217;han dirigit a nosaltres ja sigui directament o per mediaci\u00f3 de corporacions municipals que estaven preparant projectes de parcs.  <\/p>\n<p>Atenem consultes de tota mena de parcs, des de parcs b\u00e0sics a instal\u00b7lar a municipis de dimensi\u00f3 redu\u00efda fins a skateparks de diversos milers de metres quadrats i de desenes de milers d&#8217;euros.<\/p>\n<p>Som molt flexibles, ens adaptem a multitud de peticions d&#8217;\u00edndole molt diversa, consulteu-nos!<\/p>\n\t\t\t\t\t\t\t\t<\/div>\n\t\t\t\t<\/div>\n\t\t\t\t\t<\/div>\n\t\t\t\t<\/div>\n\t\t\t\t<\/div>\n\t\t","protected":false},"excerpt":{"rendered":"<p>Assessorem SOM ELS SEUS CONSULTORS A SKATEPARKS La nostra empresa va comen\u00e7ar a construir m\u00f2duls de skateparks a l&#8217;any 2005 i parcs de formig\u00f3 al cap d&#8217;un any. En aquest per\u00edode de temps hem fet prop de dos-cents skateparks. Durant aquest temps hem participat en aquest sector des de m\u00faltiples enfocaments, ja sigui com a [&hellip;]<\/p>\n","protected":false},"author":2,"featured_media":0,"parent":0,"menu_order":0,"comment_status":"closed","ping_status":"closed","template":"","meta":{"_acf_changed":false,"inline_featured_image":false,"_joinchat":[],"footnotes":""},"class_list":["post-87307","page","type-page","status-publish","hentry"],"acf":[],"yoast_head":"<!-- This site is optimized with the Yoast SEO plugin v27.5 - https:\/\/yoast.com\/product\/yoast-seo-wordpress\/ -->\n<title>\u25b7Assessorem - \u3010 SpokoRamps \u3011<\/title>\n<meta name=\"description\" content=\"Assessorem SOM ELS SEUS CONSULTORS A SKATEPARKS La nostra empresa va comen\u00e7ar a construir m\u00f2duls de skateparks a l&#039;any 2005 i parcs de formig\u00f3 al cap d&#039;un \u2713\" \/>\n<meta name=\"robots\" content=\"index, follow, max-snippet:-1, max-image-preview:large, max-video-preview:-1\" \/>\n<link rel=\"canonical\" href=\"https:\/\/spokoramps.com\/ca\/assessorem\/\" \/>\n<meta property=\"og:locale\" content=\"ca_ES\" \/>\n<meta property=\"og:type\" content=\"article\" \/>\n<meta property=\"og:title\" content=\"\u25b7Assessorem - \u3010 SpokoRamps \u3011\" \/>\n<meta property=\"og:description\" content=\"Assessorem SOM ELS SEUS CONSULTORS A SKATEPARKS La nostra empresa va comen\u00e7ar a construir m\u00f2duls de skateparks a l&#039;any 2005 i parcs de formig\u00f3 al cap d&#039;un \u2713\" \/>\n<meta property=\"og:url\" content=\"https:\/\/spokoramps.com\/ca\/assessorem\/\" \/>\n<meta property=\"og:site_name\" content=\"SpokoRamps\" \/>\n<meta property=\"article:modified_time\" content=\"2025-02-28T11:27:06+00:00\" \/>\n<meta name=\"twitter:card\" content=\"summary_large_image\" \/>\n<meta name=\"twitter:label1\" content=\"Temps estimat de lectura\" \/>\n\t<meta name=\"twitter:data1\" content=\"1 minut\" \/>\n<script type=\"application\/ld+json\" class=\"yoast-schema-graph\">{\"@context\":\"https:\\\/\\\/schema.org\",\"@graph\":[{\"@type\":\"WebPage\",\"@id\":\"https:\\\/\\\/spokoramps.com\\\/ca\\\/assessorem\\\/\",\"url\":\"https:\\\/\\\/spokoramps.com\\\/ca\\\/assessorem\\\/\",\"name\":\"\u25b7Assessorem - \u3010 SpokoRamps \u3011\",\"isPartOf\":{\"@id\":\"https:\\\/\\\/spokoramps.com\\\/#website\"},\"datePublished\":\"2025-01-17T10:41:12+00:00\",\"dateModified\":\"2025-02-28T11:27:06+00:00\",\"description\":\"Assessorem SOM ELS SEUS CONSULTORS A SKATEPARKS La nostra empresa va comen\u00e7ar a construir m\u00f2duls de skateparks a l'any 2005 i parcs de formig\u00f3 al cap d'un \u2713\",\"breadcrumb\":{\"@id\":\"https:\\\/\\\/spokoramps.com\\\/ca\\\/assessorem\\\/#breadcrumb\"},\"inLanguage\":\"ca\",\"potentialAction\":[{\"@type\":\"ReadAction\",\"target\":[\"https:\\\/\\\/spokoramps.com\\\/ca\\\/assessorem\\\/\"]}]},{\"@type\":\"BreadcrumbList\",\"@id\":\"https:\\\/\\\/spokoramps.com\\\/ca\\\/assessorem\\\/#breadcrumb\",\"itemListElement\":[{\"@type\":\"ListItem\",\"position\":1,\"name\":\"Portada\",\"item\":\"https:\\\/\\\/spokoramps.com\\\/ca\\\/\"},{\"@type\":\"ListItem\",\"position\":2,\"name\":\"Assessorem\"}]},{\"@type\":\"WebSite\",\"@id\":\"https:\\\/\\\/spokoramps.com\\\/#website\",\"url\":\"https:\\\/\\\/spokoramps.com\\\/\",\"name\":\"SpokoRamps\",\"description\":\"Dise\u00f1o y Construcci\u00f3n de Skateparks\",\"potentialAction\":[{\"@type\":\"SearchAction\",\"target\":{\"@type\":\"EntryPoint\",\"urlTemplate\":\"https:\\\/\\\/spokoramps.com\\\/?s={search_term_string}\"},\"query-input\":{\"@type\":\"PropertyValueSpecification\",\"valueRequired\":true,\"valueName\":\"search_term_string\"}}],\"inLanguage\":\"ca\"}]}<\/script>\n<!-- \/ Yoast SEO plugin. -->","yoast_head_json":{"title":"\u25b7Assessorem - \u3010 SpokoRamps \u3011","description":"Assessorem SOM ELS SEUS CONSULTORS A SKATEPARKS La nostra empresa va comen\u00e7ar a construir m\u00f2duls de skateparks a l'any 2005 i parcs de formig\u00f3 al cap d'un \u2713","robots":{"index":"index","follow":"follow","max-snippet":"max-snippet:-1","max-image-preview":"max-image-preview:large","max-video-preview":"max-video-preview:-1"},"canonical":"https:\/\/spokoramps.com\/ca\/assessorem\/","og_locale":"ca_ES","og_type":"article","og_title":"\u25b7Assessorem - \u3010 SpokoRamps \u3011","og_description":"Assessorem SOM ELS SEUS CONSULTORS A SKATEPARKS La nostra empresa va comen\u00e7ar a construir m\u00f2duls de skateparks a l'any 2005 i parcs de formig\u00f3 al cap d'un \u2713","og_url":"https:\/\/spokoramps.com\/ca\/assessorem\/","og_site_name":"SpokoRamps","article_modified_time":"2025-02-28T11:27:06+00:00","twitter_card":"summary_large_image","twitter_misc":{"Temps estimat de lectura":"1 minut"},"schema":{"@context":"https:\/\/schema.org","@graph":[{"@type":"WebPage","@id":"https:\/\/spokoramps.com\/ca\/assessorem\/","url":"https:\/\/spokoramps.com\/ca\/assessorem\/","name":"\u25b7Assessorem - \u3010 SpokoRamps \u3011","isPartOf":{"@id":"https:\/\/spokoramps.com\/#website"},"datePublished":"2025-01-17T10:41:12+00:00","dateModified":"2025-02-28T11:27:06+00:00","description":"Assessorem SOM ELS SEUS CONSULTORS A SKATEPARKS La nostra empresa va comen\u00e7ar a construir m\u00f2duls de skateparks a l'any 2005 i parcs de formig\u00f3 al cap d'un \u2713","breadcrumb":{"@id":"https:\/\/spokoramps.com\/ca\/assessorem\/#breadcrumb"},"inLanguage":"ca","potentialAction":[{"@type":"ReadAction","target":["https:\/\/spokoramps.com\/ca\/assessorem\/"]}]},{"@type":"BreadcrumbList","@id":"https:\/\/spokoramps.com\/ca\/assessorem\/#breadcrumb","itemListElement":[{"@type":"ListItem","position":1,"name":"Portada","item":"https:\/\/spokoramps.com\/ca\/"},{"@type":"ListItem","position":2,"name":"Assessorem"}]},{"@type":"WebSite","@id":"https:\/\/spokoramps.com\/#website","url":"https:\/\/spokoramps.com\/","name":"SpokoRamps","description":"Dise\u00f1o y Construcci\u00f3n de Skateparks","potentialAction":[{"@type":"SearchAction","target":{"@type":"EntryPoint","urlTemplate":"https:\/\/spokoramps.com\/?s={search_term_string}"},"query-input":{"@type":"PropertyValueSpecification","valueRequired":true,"valueName":"search_term_string"}}],"inLanguage":"ca"}]}},"_links":{"self":[{"href":"https:\/\/spokoramps.com\/ca\/wp-json\/wp\/v2\/pages\/87307","targetHints":{"allow":["GET"]}}],"collection":[{"href":"https:\/\/spokoramps.com\/ca\/wp-json\/wp\/v2\/pages"}],"about":[{"href":"https:\/\/spokoramps.com\/ca\/wp-json\/wp\/v2\/types\/page"}],"author":[{"embeddable":true,"href":"https:\/\/spokoramps.com\/ca\/wp-json\/wp\/v2\/users\/2"}],"replies":[{"embeddable":true,"href":"https:\/\/spokoramps.com\/ca\/wp-json\/wp\/v2\/comments?post=87307"}],"version-history":[{"count":1,"href":"https:\/\/spokoramps.com\/ca\/wp-json\/wp\/v2\/pages\/87307\/revisions"}],"predecessor-version":[{"id":87308,"href":"https:\/\/spokoramps.com\/ca\/wp-json\/wp\/v2\/pages\/87307\/revisions\/87308"}],"wp:attachment":[{"href":"https:\/\/spokoramps.com\/ca\/wp-json\/wp\/v2\/media?parent=87307"}],"curies":[{"name":"wp","href":"https:\/\/api.w.org\/{rel}","templated":true}]}}